{"id":44,"date":"2018-04-15T15:08:34","date_gmt":"2018-04-15T13:08:34","guid":{"rendered":"http:\/\/neuseeland.meinteilderwelt.de\/?page_id=44"},"modified":"2018-04-15T15:09:05","modified_gmt":"2018-04-15T13:09:05","slug":"impressum","status":"publish","type":"page","link":"https:\/\/neuseeland.meinteilderwelt.de\/?page_id=44","title":{"rendered":"Impressum"},"content":{"rendered":"<p>Matthias J. Weber<br \/>\nK\u00fcchengartenstr. 8<br \/>\n30449 Hannover<br \/>\nTelefon: +49 (0) 176 54 531 192<br \/>\nInternet: neuseeland.meinteilderwelt.de<\/p>\n<p><strong>Haftungshinweis<\/strong>: Trotz sorgf\u00e4ltiger inhalticher Kontrolle \u00fcbernehmen wir keine Haftung f\u00fcr die Inhalte externer Links. F\u00fcr den Inhalt verlinkter Seiten sind ausschlie\u00dflich deren Betreiber verantwortlich.<\/p>\n<p>Diese Website\/dieser Blog ist eine private Website, die ausschlie\u00dflich f\u00fcr Familie und Freunde bestimmt ist.<\/p>\n<p>&nbsp;<\/p>\n","protected":false},"excerpt":{"rendered":"<p>Matthias J. Weber K\u00fcchengartenstr. 8 30449 Hannover Telefon: +49 (0) 176 54 531 192 Internet: neuseeland.meinteilderwelt.de Haftungshinweis: Trotz sorgf\u00e4ltiger inhalticher Kontrolle \u00fcbernehmen wir keine Haftung f\u00fcr die Inhalte externer Links. F\u00fcr den Inhalt verlinkter Seiten sind ausschlie\u00dflich deren Betreiber verantwortlich. Diese Website\/dieser Blog ist eine private Website, die ausschlie\u00dflich f\u00fcr Familie und Freunde bestimmt ist. &hellip; <\/p>\n<p class=\"link-more\"><a href=\"https:\/\/neuseeland.meinteilderwelt.de\/?page_id=44\" class=\"more-link\"><span class=\"screen-reader-text\">\u201eImpressum\u201c<\/span> weiterlesen<\/a><\/p>\n","protected":false},"author":1,"featured_media":0,"parent":0,"menu_order":0,"comment_status":"closed","ping_status":"closed","template":"","meta":[],"_links":{"self":[{"href":"https:\/\/neuseeland.meinteilderwelt.de\/index.php?rest_route=\/wp\/v2\/pages\/44"}],"collection":[{"href":"https:\/\/neuseeland.meinteilderwelt.de\/index.php?rest_route=\/wp\/v2\/pages"}],"about":[{"href":"https:\/\/neuseeland.meinteilderwelt.de\/index.php?rest_route=\/wp\/v2\/types\/page"}],"author":[{"embeddable":true,"href":"https:\/\/neuseeland.meinteilderwelt.de\/index.php?rest_route=\/wp\/v2\/users\/1"}],"replies":[{"embeddable":true,"href":"https:\/\/neuseeland.meinteilderwelt.de\/index.php?rest_route=%2Fwp%2Fv2%2Fcomments&post=44"}],"version-history":[{"count":2,"href":"https:\/\/neuseeland.meinteilderwelt.de\/index.php?rest_route=\/wp\/v2\/pages\/44\/revisions"}],"predecessor-version":[{"id":49,"href":"https:\/\/neuseeland.meinteilderwelt.de\/index.php?rest_route=\/wp\/v2\/pages\/44\/revisions\/49"}],"wp:attachment":[{"href":"https:\/\/neuseeland.meinteilderwelt.de\/index.php?rest_route=%2Fwp%2Fv2%2Fmedia&parent=44"}],"curies":[{"name":"wp","href":"https:\/\/api.w.org\/{rel}","templated":true}]}}